{"id":4870,"date":"2017-01-23T10:37:22","date_gmt":"2017-01-23T10:37:22","guid":{"rendered":"http:\/\/protelonline.com\/nuspa\/hakkimizda\/"},"modified":"2023-06-13T11:57:19","modified_gmt":"2023-06-13T08:57:19","slug":"about-us","status":"publish","type":"page","link":"https:\/\/nuspa.com.tr\/en\/about-us\/","title":{"rendered":"ABOUT US"},"content":{"rendered":"<section class=\"wpb-content-wrapper\"><p>[vc_row][vc_column]<div class=\"clearboth\"><\/div><div class=\"ct-divider \" style=\"margin-top: 110px;\"><\/div>[vc_column_text]<\/p>\n<h2 style=\"text-align: center;\">who are we<\/h2>\n<p>[\/vc_column_text]<div class=\"clearboth\"><\/div><div class=\"ct-divider  ct-divider-style-2\" style=\"margin-bottom: 25px;border-color: #e96779;width: 45px;\"><\/div><div class=\"clearboth\"><\/div><div class=\"ct-divider \" style=\"margin-top: 80px;\"><\/div>[\/vc_column][\/vc_row][vc_row][vc_column offset=&#8221;vc_col-lg-6 vc_col-md-6 vc_col-xs-12&#8243;][vc_column_text]NUSPA, operating under Turkey\u2019s leading sports club chain Mars Spor Kul\u00fcb\u00fc, offers massage lovers a unique experience. With its total of 20 locations at MAC and MACFit clubs, NUSPA also invites you to renew yourself at its newest express concept, NUSPA Point.<\/p>\n<p>NUSPA\u2019s special therapies that, together, heal your body and soul are offered to you within a rich array of NUSPA\u2019s alternative menus.[\/vc_column_text]<div class=\"clearboth\"><\/div><div class=\"ct-divider \" style=\"margin-top: 10px;\"><\/div>[\/vc_column][vc_column offset=&#8221;vc_col-lg-6 vc_col-md-6 vc_col-xs-12&#8243;]<div class=\"clearboth\"><\/div><div class=\"ct-divider \" style=\"margin-top: 7px;\"><\/div><div class=\"ct-textbox\"  style=\"\"><div class=\"ct-textbox-inner\" style=\"border: 1px solid #dec6c0;\"><div class=\"ct-textbox-content\" style=\"background-position: center top;padding-top: 10px;padding-bottom: 25px;\"><div class=\"ct-dropcap ct-dropcap-shape-circle ct-dropcap-style-medium\"><span class=\"ct-dropcap-letter\" style=\"color: #ffffff;background-color: #000000;\">1<\/span><\/div><div class=\"clearboth\"><\/div><div class=\"ct-divider \" style=\"margin-top: -47px;\"><\/div>[vc_column_text]<\/p>\n<div class=\"styled-subtitle\"><span style=\"color: #000000; font-size: 17px;\">HYGIENE<\/span><\/div>\n<p>[\/vc_column_text]<\/div><\/div><\/div><div class=\"clearboth\"><\/div><div class=\"ct-divider \" style=\"margin-top: -23px;\"><\/div><div class=\"ct-textbox\"  style=\"\"><div class=\"ct-textbox-inner\" style=\"border: 1px solid #dec6c0;\"><div class=\"ct-textbox-content\" style=\"color: #000000;background-position: center top;padding-top: 10px;padding-bottom: 25px;\"><div class=\"ct-dropcap ct-dropcap-shape-circle ct-dropcap-style-medium\"><span class=\"ct-dropcap-letter\" style=\"color: #ffffff;background-color: #000000;\">2<\/span><\/div><div class=\"clearboth\"><\/div><div class=\"ct-divider \" style=\"margin-top: -47px;\"><\/div>[vc_column_text]<\/p>\n<div class=\"styled-subtitle\"><span style=\"color: #000000; font-size: 17px;\">ETHIC<\/span><\/div>\n<p>[\/vc_column_text]<\/div><\/div><\/div><div class=\"clearboth\"><\/div><div class=\"ct-divider \" style=\"margin-top: -24px;\"><\/div><div class=\"ct-textbox\"  style=\"\"><div class=\"ct-textbox-inner\" style=\"border: 1px solid #dec6c0;\"><div class=\"ct-textbox-content\" style=\"background-position: center top;padding-top: 10px;padding-bottom: 25px;\"><div class=\"ct-dropcap ct-dropcap-shape-circle ct-dropcap-style-medium\"><span class=\"ct-dropcap-letter\" style=\"color: #ffffff;background-color: #000000;\">3<\/span><\/div><div class=\"clearboth\"><\/div><div class=\"ct-divider \" style=\"margin-top: -47px;\"><\/div>[vc_column_text]<\/p>\n<div class=\"styled-subtitle\"><span style=\"color: #000000; font-size: 17px;\">TRAINING<\/span><\/div>\n<p>[\/vc_column_text]<\/div><\/div><\/div><div class=\"clearboth\"><\/div><div class=\"ct-divider \" style=\"margin-top: -23px;\"><\/div><div class=\"ct-textbox\"  style=\"\"><div class=\"ct-textbox-inner\" style=\"border: 1px solid #dec6c0;\"><div class=\"ct-textbox-content\" style=\"background-position: center top;padding-top: 10px;padding-bottom: 25px;\"><div class=\"ct-dropcap ct-dropcap-shape-circle ct-dropcap-style-medium\"><span class=\"ct-dropcap-letter\" style=\"color: #ffffff;background-color: #000000;\">4<\/span><\/div><div class=\"clearboth\"><\/div><div class=\"ct-divider \" style=\"margin-top: -47px;\"><\/div>[vc_column_text]<\/p>\n<div class=\"styled-subtitle\"><span style=\"color: #000000; font-size: 17px;\">CUSTOMER ORIENTED SERVICE<\/span><\/div>\n<p>[\/vc_column_text]<\/div><\/div><\/div>[\/vc_column][\/vc_row][vc_row css=&#8221;.vc_custom_1485331651447{padding-top: 30px !important;}&#8221;][vc_column offset=&#8221;vc_col-lg-6 vc_col-md-6 vc_col-xs-12&#8243;]<div class=\"clearboth\"><\/div><div class=\"ct-divider \" style=\"margin-top: 5px;\"><\/div><div class=\"ct-quote ct-quote-style-1\"><blockquote>Be quiet and focus on your breathe please&#8230;<\/blockquote><\/div>[\/vc_column][vc_column offset=&#8221;vc_col-lg-6 vc_col-md-6 vc_col-xs-12&#8243;][vc_column_text]<span style=\"font-weight: 400;\">NUSPA purposes to service their customers a unique experience with the rich menu of massage and special care, which has the motto \u201cMy breathing is heard, there is nothing in between me and my senses. \u2018I\u2019m someone else in somewhere else.\u201d<\/span>[\/vc_column_text][vc_column_text]<span style=\"font-weight: 400;\">The trained and expert masseurs and the different kinds of therapy options are available in NUSPA. NUSPA offers the customers Romantic NU for couples, Traditional Thai Therapy, Aromatherapy, Nu Signature Therapy, Oriental Foot Massage, Harem NU Special, Specific Nu NuSpa.<\/span>[\/vc_column_text][\/vc_column][\/vc_row][vc_row css=&#8221;.vc_custom_1542097228344{margin-bottom: 0px !important;}&#8221;][vc_column css=&#8221;.vc_custom_1542097117407{margin-bottom: 0px !important;}&#8221;]<div id=\"fullwidth-block-69da02f01ac80\" class=\"fullwidth-block clearfix\"  style=\"background-color: #ffffff;z-index: 1;\"><script type=\"text\/javascript\">if (typeof(ct_fix_fullwidth_position) == \"function\") { ct_fix_fullwidth_position(document.getElementById(\"fullwidth-block-69da02f01ac80\")); }<\/script><div class=\"fullwidth-block-inner\"><\/div><div class=\"fullwidth-bottom-marker marker-wave\"><svg width=\"100%\" height=\"54\" style=\"fill: #ffffff;\"><defs><pattern id=\"pattern-1775895280-7-p\" x=\"0\" y=\"0\" width=\"54\" height=\"54\" patternUnits=\"userSpaceOnUse\" ><path d=\"M31.967,9.869c0.26,0-0.015-0.016-0.064-0.023L31.967,9.869z M0.011,0v20.047c1.704-0.01,3.555-0.287,5.598-0.915 c6.48-1.994,14.031-14.058,26.286-9.288l0.104-0.004V9.834c7.733,2.945,12.696,10.543,21.989,10.193V0H0.011z\" \/><\/pattern><filter id=\"pattern-1775895280-7-f\" x=\"0\" y=\"0\" width=\"100%\" height=\"100%\"><feOffset result=\"offOut\" in=\"SourceGraphic\" dx=\"0\" dy=\"4\" \/><feColorMatrix result=\"matrixOut\" in=\"offOut\" type=\"matrix\" values=\"0 0 0 0 0 0 0 0 0 0 0 0 0 0 0 0 0 0 0.1 0\" \/><feGaussianBlur result=\"blurOut\" in=\"matrixOut\" stdDeviation=\"0\" \/><feBlend in=\"SourceGraphic\" in2=\"blurOut\" mode=\"normal\" \/><\/filter><\/defs><rect x=\"0\" y=\"0\" width=\"100%\" height=\"54\" style=\"fill: url(#pattern-1775895280-7-p);\"  filter=\"url(#pattern-1775895280-7-f)\" \/><\/svg><\/div><\/div><div id=\"fullwidth-block-69da02f01af08\" class=\"fullwidth-block clearfix\"  style=\"background-color: #d5ccc3;padding-top: 140px;padding-bottom: 10px;\"><script type=\"text\/javascript\">if (typeof(ct_fix_fullwidth_position) == \"function\") { ct_fix_fullwidth_position(document.getElementById(\"fullwidth-block-69da02f01af08\")); }<\/script><div class=\"fullwidth-block-background\" style=\"background-image: url(https:\/\/nuspa.com.tr\/wp-content\/uploads\/2021\/03\/nuspa-ref-1-black.jpg);background-repeat: no-repeat; background-size: cover;background-position: center top;\"><\/div><div class=\"fullwidth-block-inner\"><div class=\"container\">[vc_column_text]<\/p>\n<h2 style=\"text-align: center;\"><span style=\"color: #ffffff;\">Testimonials<\/span><\/h2>\n<p>[\/vc_column_text]<div class=\"clearboth\"><\/div><div class=\"ct-divider  ct-divider-style-2\" style=\"margin-bottom: 25px;border-color: #e96779;width: 45px;\"><\/div>[vc_tta_pageable no_fill_content_area=&#8221;1&#8243; autoplay=&#8221;3&#8243; active_section=&#8221;1&#8243;][vc_tta_section title=&#8221;Section 1&#8243; tab_id=&#8221;1486557689203-a93703a6-06a4&#8243;]<div class=\"ct-testimonials-grid style1\"><div class=\"row\"> <div class=\"col-md-4 col-sm-6 col-xs-12 ct-testimonial-item-column\"> <div id=\"post-5045\" class=\"ct-testimonial-item centered-box bordered-box main-background shadow-box post-5045 ct_testimonial type-ct_testimonial status-publish has-post-thumbnail hentry\"> <div class=\"ct-testimonial-top-border-left\"><div class=\"ct-testimonial-top-border-left-inner bordered-box\"><\/div><\/div> <div class=\"ct-testimonial-circle\"><div class=\"ct-testimonial-circle-inner bordered-box main-background\"><\/div><\/div> <div class=\"ct-testimonial-top-border-right\"><div class=\"ct-testimonial-top-border-right-inner bordered-box\"><\/div><\/div> <div class=\"ct-testimonial-wrapper\"> <div class=\"ct-testimonial-image\"> <img loading=\"lazy\" decoding=\"async\" width=\"80\" height=\"80\" src=\"https:\/\/nuspa.com.tr\/wp-content\/uploads\/2019\/01\/users-ct-person-80.png\" class=\"img-responsive img-circle wp-post-image\" alt=\"users\" srcset=\"https:\/\/nuspa.com.tr\/wp-content\/uploads\/2019\/01\/users.png 2x\" sizes=\"auto, 100vw\" \/> <\/div> <div class=\"ct-testimonial-content\"> <div class=\"ct-testimonial-name title-h6\">Nadya Balyan<\/div> <div class=\"ct-testimonial-sep default-sep bordered-box\"><\/div> <div class=\"ct-testimonial-text\"> <p style='height:100px'>Great.<\/p> <\/div> <div class=\"ct-testimonials-tag ct-styled-color-1\"><\/div> <\/div> <\/div> <\/div> <\/div> <div class=\"col-md-4 col-sm-6 col-xs-12 ct-testimonial-item-column\"> <div id=\"post-5046\" class=\"ct-testimonial-item centered-box bordered-box main-background shadow-box post-5046 ct_testimonial type-ct_testimonial status-publish has-post-thumbnail hentry\"> <div class=\"ct-testimonial-top-border-left\"><div class=\"ct-testimonial-top-border-left-inner bordered-box\"><\/div><\/div> <div class=\"ct-testimonial-circle\"><div class=\"ct-testimonial-circle-inner bordered-box main-background\"><\/div><\/div> <div class=\"ct-testimonial-top-border-right\"><div class=\"ct-testimonial-top-border-right-inner bordered-box\"><\/div><\/div> <div class=\"ct-testimonial-wrapper\"> <div class=\"ct-testimonial-image\"> <img loading=\"lazy\" decoding=\"async\" width=\"80\" height=\"80\" src=\"https:\/\/nuspa.com.tr\/wp-content\/uploads\/2019\/01\/users-ct-person-80.png\" class=\"img-responsive img-circle wp-post-image\" alt=\"users\" srcset=\"https:\/\/nuspa.com.tr\/wp-content\/uploads\/2019\/01\/users.png 2x\" sizes=\"auto, 100vw\" \/> <\/div> <div class=\"ct-testimonial-content\"> <div class=\"ct-testimonial-name title-h6\">Barbara Pinto<\/div> <div class=\"ct-testimonial-sep default-sep bordered-box\"><\/div> <div class=\"ct-testimonial-text\"> <p style='height:100px'>Very good.<\/p> <\/div> <div class=\"ct-testimonials-tag ct-styled-color-1\"><\/div> <\/div> <\/div> <\/div> <\/div> <div class=\"col-md-4 col-sm-6 col-xs-12 ct-testimonial-item-column\"> <div id=\"post-5047\" class=\"ct-testimonial-item centered-box bordered-box main-background shadow-box post-5047 ct_testimonial type-ct_testimonial status-publish has-post-thumbnail hentry\"> <div class=\"ct-testimonial-top-border-left\"><div class=\"ct-testimonial-top-border-left-inner bordered-box\"><\/div><\/div> <div class=\"ct-testimonial-circle\"><div class=\"ct-testimonial-circle-inner bordered-box main-background\"><\/div><\/div> <div class=\"ct-testimonial-top-border-right\"><div class=\"ct-testimonial-top-border-right-inner bordered-box\"><\/div><\/div> <div class=\"ct-testimonial-wrapper\"> <div class=\"ct-testimonial-image\"> <img loading=\"lazy\" decoding=\"async\" width=\"80\" height=\"80\" src=\"https:\/\/nuspa.com.tr\/wp-content\/uploads\/2019\/01\/users-ct-person-80.png\" class=\"img-responsive img-circle wp-post-image\" alt=\"users\" srcset=\"https:\/\/nuspa.com.tr\/wp-content\/uploads\/2019\/01\/users.png 2x\" sizes=\"auto, 100vw\" \/> <\/div> <div class=\"ct-testimonial-content\"> <div class=\"ct-testimonial-name title-h6\">Maria Mason<\/div> <div class=\"ct-testimonial-sep default-sep bordered-box\"><\/div> <div class=\"ct-testimonial-text\"> <p style='height:100px'>Perfect.<\/p> <\/div> <div class=\"ct-testimonials-tag ct-styled-color-1\"><\/div> <\/div> <\/div> <\/div> <\/div><\/div><\/div>[\/vc_tta_section][vc_tta_section title=&#8221;Section 1&#8243; tab_id=&#8221;1486557700486-f8e2c41e-042a&#8221;]<div class=\"ct-testimonials-grid style1\"><div class=\"row\"> <div class=\"col-md-4 col-sm-6 col-xs-12 ct-testimonial-item-column\"> <div id=\"post-5044\" class=\"ct-testimonial-item centered-box bordered-box main-background shadow-box post-5044 ct_testimonial type-ct_testimonial status-publish has-post-thumbnail hentry\"> <div class=\"ct-testimonial-top-border-left\"><div class=\"ct-testimonial-top-border-left-inner bordered-box\"><\/div><\/div> <div class=\"ct-testimonial-circle\"><div class=\"ct-testimonial-circle-inner bordered-box main-background\"><\/div><\/div> <div class=\"ct-testimonial-top-border-right\"><div class=\"ct-testimonial-top-border-right-inner bordered-box\"><\/div><\/div> <div class=\"ct-testimonial-wrapper\"> <div class=\"ct-testimonial-image\"> <img loading=\"lazy\" decoding=\"async\" width=\"80\" height=\"80\" src=\"https:\/\/nuspa.com.tr\/wp-content\/uploads\/2019\/01\/users-ct-person-80.png\" class=\"img-responsive img-circle wp-post-image\" alt=\"users\" srcset=\"https:\/\/nuspa.com.tr\/wp-content\/uploads\/2019\/01\/users.png 2x\" sizes=\"auto, 100vw\" \/> <\/div> <div class=\"ct-testimonial-content\"> <div class=\"ct-testimonial-name title-h6\">Y\u00f6nel Altun<\/div> <div class=\"ct-testimonial-sep default-sep bordered-box\"><\/div> <div class=\"ct-testimonial-text\"> <p style='height:100px'>Good massager with experience, good ambiance.<\/p> <\/div> <div class=\"ct-testimonials-tag ct-styled-color-1\"><\/div> <\/div> <\/div> <\/div> <\/div> <div class=\"col-md-4 col-sm-6 col-xs-12 ct-testimonial-item-column\"> <div id=\"post-5048\" class=\"ct-testimonial-item centered-box bordered-box main-background shadow-box post-5048 ct_testimonial type-ct_testimonial status-publish has-post-thumbnail hentry\"> <div class=\"ct-testimonial-top-border-left\"><div class=\"ct-testimonial-top-border-left-inner bordered-box\"><\/div><\/div> <div class=\"ct-testimonial-circle\"><div class=\"ct-testimonial-circle-inner bordered-box main-background\"><\/div><\/div> <div class=\"ct-testimonial-top-border-right\"><div class=\"ct-testimonial-top-border-right-inner bordered-box\"><\/div><\/div> <div class=\"ct-testimonial-wrapper\"> <div class=\"ct-testimonial-image\"> <img loading=\"lazy\" decoding=\"async\" width=\"80\" height=\"80\" src=\"https:\/\/nuspa.com.tr\/wp-content\/uploads\/2019\/01\/users-ct-person-80.png\" class=\"img-responsive img-circle wp-post-image\" alt=\"users\" srcset=\"https:\/\/nuspa.com.tr\/wp-content\/uploads\/2019\/01\/users.png 2x\" sizes=\"auto, 100vw\" \/> <\/div> <div class=\"ct-testimonial-content\"> <div class=\"ct-testimonial-name title-h6\">Theresa Veltri<\/div> <div class=\"ct-testimonial-sep default-sep bordered-box\"><\/div> <div class=\"ct-testimonial-text\"> <p style='height:100px'>It was amazing! Want to come back tomorrow.<\/p> <\/div> <div class=\"ct-testimonials-tag ct-styled-color-1\"><\/div> <\/div> <\/div> <\/div> <\/div> <div class=\"col-md-4 col-sm-6 col-xs-12 ct-testimonial-item-column\"> <div id=\"post-5049\" class=\"ct-testimonial-item centered-box bordered-box main-background shadow-box post-5049 ct_testimonial type-ct_testimonial status-publish has-post-thumbnail hentry\"> <div class=\"ct-testimonial-top-border-left\"><div class=\"ct-testimonial-top-border-left-inner bordered-box\"><\/div><\/div> <div class=\"ct-testimonial-circle\"><div class=\"ct-testimonial-circle-inner bordered-box main-background\"><\/div><\/div> <div class=\"ct-testimonial-top-border-right\"><div class=\"ct-testimonial-top-border-right-inner bordered-box\"><\/div><\/div> <div class=\"ct-testimonial-wrapper\"> <div class=\"ct-testimonial-image\"> <img loading=\"lazy\" decoding=\"async\" width=\"80\" height=\"80\" src=\"https:\/\/nuspa.com.tr\/wp-content\/uploads\/2019\/01\/users-ct-person-80.png\" class=\"img-responsive img-circle wp-post-image\" alt=\"users\" srcset=\"https:\/\/nuspa.com.tr\/wp-content\/uploads\/2019\/01\/users.png 2x\" sizes=\"auto, 100vw\" \/> <\/div> <div class=\"ct-testimonial-content\"> <div class=\"ct-testimonial-name title-h6\">Selma Y\u0131ld\u0131r\u0131m<\/div> <div class=\"ct-testimonial-sep default-sep bordered-box\"><\/div> <div class=\"ct-testimonial-text\"> <p style='height:100px'>Very good.<\/p> <\/div> <div class=\"ct-testimonials-tag ct-styled-color-1\"><\/div> <\/div> <\/div> <\/div> <\/div><\/div><\/div>[\/vc_tta_section][\/vc_tta_pageable]<\/div><\/div><\/div>[\/vc_column][\/vc_row][vc_row css=&#8221;.vc_custom_1485169791223{margin-top: 0px !important;margin-bottom: 0px !important;padding-top: 0px !important;padding-bottom: 0px !important;}&#8221;][vc_column css=&#8221;.vc_custom_1615477516549{margin-top: 100px !important;margin-bottom: 0px !important;padding-top: 0px !important;padding-bottom: 0px !important;}&#8221;]<div id=\"fullwidth-block-69da02f026a3d\" class=\"fullwidth-block clearfix\"  style=\"background-color: #ffffff;padding-top: 30px;z-index: 1;\"><script type=\"text\/javascript\">if (typeof(ct_fix_fullwidth_position) == \"function\") { ct_fix_fullwidth_position(document.getElementById(\"fullwidth-block-69da02f026a3d\")); }<\/script><div class=\"fullwidth-block-inner\"><\/div><div class=\"fullwidth-bottom-marker marker-wave\"><svg width=\"100%\" height=\"54\" style=\"fill: #ffffff;\"><defs><pattern id=\"pattern-1775895280-95-p\" x=\"0\" y=\"0\" width=\"54\" height=\"54\" patternUnits=\"userSpaceOnUse\" ><path d=\"M31.967,9.869c0.26,0-0.015-0.016-0.064-0.023L31.967,9.869z M0.011,0v20.047c1.704-0.01,3.555-0.287,5.598-0.915 c6.48-1.994,14.031-14.058,26.286-9.288l0.104-0.004V9.834c7.733,2.945,12.696,10.543,21.989,10.193V0H0.011z\" \/><\/pattern><filter id=\"pattern-1775895280-95-f\" x=\"0\" y=\"0\" width=\"100%\" height=\"100%\"><feOffset result=\"offOut\" in=\"SourceGraphic\" dx=\"0\" dy=\"4\" \/><feColorMatrix result=\"matrixOut\" in=\"offOut\" type=\"matrix\" values=\"0 0 0 0 0 0 0 0 0 0 0 0 0 0 0 0 0 0 0.1 0\" \/><feGaussianBlur result=\"blurOut\" in=\"matrixOut\" stdDeviation=\"0\" \/><feBlend in=\"SourceGraphic\" in2=\"blurOut\" mode=\"normal\" \/><\/filter><\/defs><rect x=\"0\" y=\"0\" width=\"100%\" height=\"54\" style=\"fill: url(#pattern-1775895280-95-p);\"  filter=\"url(#pattern-1775895280-95-f)\" \/><\/svg><\/div><\/div>[\/vc_column][\/vc_row]<\/p>\n<\/section>","protected":false},"excerpt":{"rendered":"<p>[vc_row][vc_column][vc_column_text] who are we [\/vc_column_text][\/vc_column][\/vc_row][vc_row][vc_column offset=&#8221;vc_col-lg-6 vc_col-md-6 vc_col-xs-12&#8243;][vc_column_text]NUSPA, operating under Turkey\u2019s leading sports club chain Mars Spor Kul\u00fcb\u00fc, offers massage&#8230;<\/p>\n","protected":false},"author":2,"featured_media":0,"parent":0,"menu_order":0,"comment_status":"closed","ping_status":"closed","template":"","meta":{"footnotes":""},"class_list":["post-4870","page","type-page","status-publish","hentry"],"_links":{"self":[{"href":"https:\/\/nuspa.com.tr\/en\/wp-json\/wp\/v2\/pages\/4870","targetHints":{"allow":["GET"]}}],"collection":[{"href":"https:\/\/nuspa.com.tr\/en\/wp-json\/wp\/v2\/pages"}],"about":[{"href":"https:\/\/nuspa.com.tr\/en\/wp-json\/wp\/v2\/types\/page"}],"author":[{"embeddable":true,"href":"https:\/\/nuspa.com.tr\/en\/wp-json\/wp\/v2\/users\/2"}],"replies":[{"embeddable":true,"href":"https:\/\/nuspa.com.tr\/en\/wp-json\/wp\/v2\/comments?post=4870"}],"version-history":[{"count":21,"href":"https:\/\/nuspa.com.tr\/en\/wp-json\/wp\/v2\/pages\/4870\/revisions"}],"predecessor-version":[{"id":6577,"href":"https:\/\/nuspa.com.tr\/en\/wp-json\/wp\/v2\/pages\/4870\/revisions\/6577"}],"wp:attachment":[{"href":"https:\/\/nuspa.com.tr\/en\/wp-json\/wp\/v2\/media?parent=4870"}],"curies":[{"name":"wp","href":"https:\/\/api.w.org\/{rel}","templated":true}]}}